{"id":6081,"date":"2026-04-19T17:07:26","date_gmt":"2026-04-19T22:07:26","guid":{"rendered":"https:\/\/gadsalinas.gob.ec\/?page_id=6081"},"modified":"2026-04-19T19:06:12","modified_gmt":"2026-04-20T00:06:12","slug":"datos-generales","status":"publish","type":"page","link":"https:\/\/gadsalinas.gob.ec\/index.php\/datos-generales\/","title":{"rendered":"Datos Generales"},"content":{"rendered":"\t\t<div data-elementor-type=\"wp-page\" data-elementor-id=\"6081\" class=\"elementor elementor-6081\">\n\t\t\t\t<div class=\"elementor-element elementor-element-65eefb0 e-flex e-con-boxed e-con e-parent\" data-id=\"65eefb0\" data-element_type=\"container\" data-e-type=\"container\">\n\t\t\t\t\t<div class=\"e-con-inner\">\n\t\t\t\t<div class=\"elementor-element elementor-element-f5ebeda elementor-widget elementor-widget-heading\" data-id=\"f5ebeda\" data-element_type=\"widget\" data-e-type=\"widget\" data-widget_type=\"heading.default\">\n\t\t\t\t\t<h2 class=\"elementor-heading-title elementor-size-default\">Datos Generales<\/h2>\t\t\t\t<\/div>\n\t\t\t\t\t<\/div>\n\t\t\t\t<\/div>\n\t\t<div class=\"elementor-element elementor-element-17252cf e-flex e-con-boxed e-con e-parent\" data-id=\"17252cf\" data-element_type=\"container\" data-e-type=\"container\">\n\t\t\t\t\t<div class=\"e-con-inner\">\n\t\t\t\t<div class=\"elementor-element elementor-element-4668d28 elementor-widget__width-initial elementor-widget elementor-widget-image\" data-id=\"4668d28\" data-element_type=\"widget\" data-e-type=\"widget\" data-widget_type=\"image.default\">\n\t\t\t\t\t\t\t\t\t\t\t\t\t\t\t<img fetchpriority=\"high\" decoding=\"async\" width=\"554\" height=\"314\" src=\"https:\/\/gadsalinas.gob.ec\/wp-content\/uploads\/2026\/04\/location.png\" class=\"attachment-large size-large wp-image-6091\" alt=\"\" srcset=\"https:\/\/gadsalinas.gob.ec\/wp-content\/uploads\/2026\/04\/location.png 554w, https:\/\/gadsalinas.gob.ec\/wp-content\/uploads\/2026\/04\/location-300x170.png 300w\" sizes=\"(max-width: 554px) 100vw, 554px\" \/>\t\t\t\t\t\t\t\t\t\t\t\t\t\t\t<\/div>\n\t\t\t\t\t<\/div>\n\t\t\t\t<\/div>\n\t\t<div class=\"elementor-element elementor-element-e50462f e-flex e-con-boxed e-con e-parent\" data-id=\"e50462f\" data-element_type=\"container\" data-e-type=\"container\">\n\t\t\t\t\t<div class=\"e-con-inner\">\n\t\t\t\t<div class=\"elementor-element elementor-element-314d6e7 elementor-widget elementor-widget-html\" data-id=\"314d6e7\" data-element_type=\"widget\" data-e-type=\"widget\" data-widget_type=\"html.default\">\n\t\t\t\t\t<div style=\"width: 100%; max-width: 1000px; margin: 0 auto; font-family: 'Segoe UI', Tahoma, Geneva, Verdana, sans-serif; color: #444; line-height: 1.6;\">\n\n    <h2 style=\"color: #2c3e50; text-transform: uppercase; border-bottom: 3px solid #20b2aa; padding-bottom: 8px; margin-bottom: 15px; font-size: 24px; font-weight: 700;\">\n        Ubicaci\u00f3n\n    <\/h2>\n    <p style=\"margin-bottom: 25px; text-align: justify;\">\n        La parroquia rural <strong>Salinas<\/strong> se encuentra ubicada en la sierra centro del Ecuador, espec\u00edficamente en las faldas de la cordillera Occidental de los Andes. Es reconocida por su gran diversidad geogr\u00e1fica y su esp\u00edritu emprendedor.\n    <\/p>\n\n    <h3 style=\"color: #2c3e50; text-transform: uppercase; margin-bottom: 15px; font-size: 18px; font-weight: 600;\">\n        L\u00edmites Territoriales\n    <\/h3>\n    <div style=\"background-color: #f4fdfb; border-left: 5px solid #20b2aa; padding: 15px 20px; margin-bottom: 30px; border-radius: 4px;\">\n        <p style=\"margin: 4px 0;\"><strong>Norte:<\/strong> Parroquia Simiatug y Facundo Vela<\/p>\n        <p style=\"margin: 4px 0;\"><strong>Sur:<\/strong> Cant\u00f3n Guaranda<\/p>\n        <p style=\"margin: 4px 0;\"><strong>Este:<\/strong> Provincias de Tungurahua<\/p>\n        <p style=\"margin: 4px 0;\"><strong>Oeste:<\/strong> San Luis de Pambil y los cantones Las Naves y Echeand\u00eda<\/p>\n    <\/div>\n\n    <div style=\"display: grid; grid-template-columns: repeat(auto-fit, minmax(250px, 1fr)); gap: 15px; margin-bottom: 40px;\">\n        <div style=\"background: #fffde7; border: 1px solid #ffe082; padding: 20px; border-radius: 8px; text-align: center;\">\n            <span style=\"display: block; font-weight: 800; color: #b8860b; text-transform: uppercase; font-size: 12px; letter-spacing: 1px;\">Superficie<\/span>\n            <span style=\"font-size: 18px; color: #5d4037;\">44.510 Hect\u00e1reas<\/span>\n        <\/div>\n        <div style=\"background: #e0f2f1; border: 1px solid #20b2aa; padding: 20px; border-radius: 8px; text-align: center;\">\n            <span style=\"display: block; font-weight: 800; color: #00796b; text-transform: uppercase; font-size: 12px; letter-spacing: 1px;\">Altura<\/span>\n            <span style=\"font-size: 18px; color: #004d40;\">520 a 4440 msnm<\/span>\n        <\/div>\n        <div style=\"background: #fffde7; border: 1px solid #ffe082; padding: 20px; border-radius: 8px; text-align: center;\">\n            <span style=\"display: block; font-weight: 800; color: #b8860b; text-transform: uppercase; font-size: 12px; letter-spacing: 1px;\">Poblaci\u00f3n<\/span>\n            <span style=\"font-size: 18px; color: #5d4037;\">5,821 Habitantes<\/span>\n        <\/div>\n    <\/div>\n\n    <h2 style=\"color: #2c3e50; text-transform: uppercase; border-bottom: 3px solid #fff176; padding-bottom: 8px; margin-bottom: 15px; font-size: 22px; font-weight: 700;\">\n        Variedad Clim\u00e1tica\n    <\/h2>\n    <p style=\"margin-bottom: 20px; text-align: justify;\">\n        Debido a su ubicaci\u00f3n en la cordillera, Salinas presenta una impresionante variedad de climas y microclimas, desde el fr\u00edo intenso del p\u00e1ramo hasta la calidez de la zona subtropical:\n    <\/p>\n\n    <div style=\"overflow-x: auto; margin-bottom: 30px; border-radius: 8px; border: 1px solid #20b2aa;\">\n        <table style=\"width: 100%; border-collapse: collapse; min-width: 600px; background: white;\">\n            <thead>\n                <tr style=\"background-color: #20b2aa;\">\n                    <th colspan=\"5\" style=\"padding: 12px; color: white; text-align: center; font-size: 14px; text-transform: uppercase; letter-spacing: 1px;\">Caracter\u00edsticas Detalladas<\/th>\n                <\/tr>\n                <tr style=\"background-color: #fff176;\">\n                    <th style=\"padding: 10px; border: 1px solid #20b2aa; color: #333; font-size: 13px;\">Tipo de Clima<\/th>\n                    <th style=\"padding: 10px; border: 1px solid #20b2aa; color: #333; font-size: 13px;\">Temperatura<\/th>\n                    <th style=\"padding: 10px; border: 1px solid #20b2aa; color: #333; font-size: 13px;\">R\u00e9gimen<\/th>\n                    <th style=\"padding: 10px; border: 1px solid #20b2aa; color: #333; font-size: 13px;\">Precipitaci\u00f3n<\/th>\n                    <th style=\"padding: 10px; border: 1px solid #20b2aa; color: #333; font-size: 13px;\">Sectores<\/th>\n                <\/tr>\n            <\/thead>\n            <tbody>\n                <tr>\n                    <td style=\"padding: 12px; border: 1px solid #20b2aa;\"><strong>Fr\u00edo Ecuatorial H\u00famedo<\/strong><\/td>\n                    <td style=\"padding: 12px; border: 1px solid #20b2aa; text-align: center;\">&lt; 12\u00b0C<\/td>\n                    <td style=\"padding: 12px; border: 1px solid #20b2aa; text-align: center;\">Bimodal<\/td>\n                    <td style=\"padding: 12px; border: 1px solid #20b2aa; text-align: center;\">1.000-2.000 mm<\/td>\n                    <td style=\"padding: 12px; border: 1px solid #20b2aa; font-size: 12px;\">Natahua Pamba, Pachancho, Rumi Corral, Yurashua, Salinas<\/td>\n                <\/tr>\n                <tr style=\"background-color: #fdfdf5;\">\n                    <td style=\"padding: 12px; border: 1px solid #20b2aa;\"><strong>Mesot\u00e9rmico Ecuatorial<\/strong><\/td>\n                    <td style=\"padding: 12px; border: 1px solid #20b2aa; text-align: center;\">12 a 22\u00b0C<\/td>\n                    <td style=\"padding: 12px; border: 1px solid #20b2aa; text-align: center;\">Bimodal<\/td>\n                    <td style=\"padding: 12px; border: 1px solid #20b2aa; text-align: center;\">1.000-2.000 mm<\/td>\n                    <td style=\"padding: 12px; border: 1px solid #20b2aa; font-size: 12px;\">La Palma, La Cocha, Chazo Juan, Tigre Urco<\/td>\n                <\/tr>\n                <tr>\n                    <td style=\"padding: 12px; border: 1px solid #20b2aa;\"><strong>Mesot\u00e9rmico Tropical<\/strong><\/td>\n                    <td style=\"padding: 12px; border: 1px solid #20b2aa; text-align: center;\">12 a 24\u00b0C<\/td>\n                    <td style=\"padding: 12px; border: 1px solid #20b2aa; text-align: center;\">Unimodal<\/td>\n                    <td style=\"padding: 12px; border: 1px solid #20b2aa; text-align: center;\">1.000-2.000 mm<\/td>\n                    <td style=\"padding: 12px; border: 1px solid #20b2aa; font-size: 12px;\">Matiabi, Lanza Urco, La Pradera, San Jos\u00e9 de Camar\u00f3n<\/td>\n                <\/tr>\n            <\/tbody>\n        <\/table>\n    <\/div>\n<\/div>\t\t\t\t<\/div>\n\t\t\t\t\t<\/div>\n\t\t\t\t<\/div>\n\t\t\t\t<\/div>\n\t\t","protected":false},"excerpt":{"rendered":"<p>Datos Generales Ubicaci\u00f3n La parroquia rural Salinas se encuentra ubicada en la sierra centro del Ecuador, espec\u00edficamente en las faldas de la cordillera Occidental de los Andes. Es reconocida por su gran diversidad geogr\u00e1fica y su esp\u00edritu emprendedor. L\u00edmites Territoriales Norte: Parroquia Simiatug y Facundo Vela Sur: Cant\u00f3n Guaranda Este: Provincias de Tungurahua Oeste: San [&hellip;]<\/p>\n","protected":false},"author":1,"featured_media":0,"parent":0,"menu_order":0,"comment_status":"closed","ping_status":"closed","template":"","meta":{"give_campaign_id":0,"footnotes":""},"class_list":["post-6081","page","type-page","status-publish","hentry"],"aioseo_notices":[],"campaignId":"","_links":{"self":[{"href":"https:\/\/gadsalinas.gob.ec\/index.php\/wp-json\/wp\/v2\/pages\/6081","targetHints":{"allow":["GET"]}}],"collection":[{"href":"https:\/\/gadsalinas.gob.ec\/index.php\/wp-json\/wp\/v2\/pages"}],"about":[{"href":"https:\/\/gadsalinas.gob.ec\/index.php\/wp-json\/wp\/v2\/types\/page"}],"author":[{"embeddable":true,"href":"https:\/\/gadsalinas.gob.ec\/index.php\/wp-json\/wp\/v2\/users\/1"}],"replies":[{"embeddable":true,"href":"https:\/\/gadsalinas.gob.ec\/index.php\/wp-json\/wp\/v2\/comments?post=6081"}],"version-history":[{"count":13,"href":"https:\/\/gadsalinas.gob.ec\/index.php\/wp-json\/wp\/v2\/pages\/6081\/revisions"}],"predecessor-version":[{"id":6137,"href":"https:\/\/gadsalinas.gob.ec\/index.php\/wp-json\/wp\/v2\/pages\/6081\/revisions\/6137"}],"wp:attachment":[{"href":"https:\/\/gadsalinas.gob.ec\/index.php\/wp-json\/wp\/v2\/media?parent=6081"}],"curies":[{"name":"wp","href":"https:\/\/api.w.org\/{rel}","templated":true}]}}