{"id":6099,"date":"2026-04-19T17:50:12","date_gmt":"2026-04-19T22:50:12","guid":{"rendered":"https:\/\/gadsalinas.gob.ec\/?page_id=6099"},"modified":"2026-04-19T19:09:11","modified_gmt":"2026-04-20T00:09:11","slug":"simbolos-parroquiales","status":"publish","type":"page","link":"https:\/\/gadsalinas.gob.ec\/index.php\/simbolos-parroquiales\/","title":{"rendered":"S\u00edmbolos Parroquiales"},"content":{"rendered":"\t\t<div data-elementor-type=\"wp-page\" data-elementor-id=\"6099\" class=\"elementor elementor-6099\">\n\t\t\t\t<div class=\"elementor-element elementor-element-612e10b e-flex e-con-boxed e-con e-parent\" data-id=\"612e10b\" data-element_type=\"container\" data-e-type=\"container\">\n\t\t\t\t\t<div class=\"e-con-inner\">\n\t\t\t\t<div class=\"elementor-element elementor-element-30a30dc elementor-widget elementor-widget-heading\" data-id=\"30a30dc\" data-element_type=\"widget\" data-e-type=\"widget\" data-widget_type=\"heading.default\">\n\t\t\t\t\t<h2 class=\"elementor-heading-title elementor-size-default\">S\u00edmbolos Parroquiales<\/h2>\t\t\t\t<\/div>\n\t\t\t\t\t<\/div>\n\t\t\t\t<\/div>\n\t\t<div class=\"elementor-element elementor-element-97cdb02 e-flex e-con-boxed e-con e-parent\" data-id=\"97cdb02\" data-element_type=\"container\" data-e-type=\"container\">\n\t\t\t\t\t<div class=\"e-con-inner\">\n\t\t\t\t<div class=\"elementor-element elementor-element-ed85c53 elementor-widget elementor-widget-text-editor\" data-id=\"ed85c53\" data-element_type=\"widget\" data-e-type=\"widget\" data-widget_type=\"text-editor.default\">\n\t\t\t\t\t\t\t\t\t<h3>Justificaci\u00f3n<\/h3><p>Representar estos elementos que simbolizan un icono para el pueblo salinero, adem\u00e1s ayuda a estudiar y conocer la tierra, descubrir cu\u00e1les fueron los elementos m\u00e1s destacados para utilizar en el trabajo gestado.<\/p>\t\t\t\t\t\t\t\t<\/div>\n\t\t\t\t\t<\/div>\n\t\t\t\t<\/div>\n\t\t<div class=\"elementor-element elementor-element-3a3e88d e-flex e-con-boxed e-con e-parent\" data-id=\"3a3e88d\" data-element_type=\"container\" data-e-type=\"container\">\n\t\t\t\t\t<div class=\"e-con-inner\">\n\t\t\t\t<div class=\"elementor-element elementor-element-ac98c69 elementor-widget elementor-widget-text-editor\" data-id=\"ac98c69\" data-element_type=\"widget\" data-e-type=\"widget\" data-widget_type=\"text-editor.default\">\n\t\t\t\t\t\t\t\t\t<div style=\"display: flex; align-items: center; justify-content: center; gap: 32px; flex-wrap: wrap; max-width: 100%;\"><br \/><img decoding=\"async\" class=\"alignnone size-medium wp-image-6109\" style=\"display: block;\" src=\"https:\/\/gadsalinas.gob.ec\/wp-content\/uploads\/2026\/04\/logo-2-286x300.png\" alt=\"\" width=\"140\" height=\"auto\" srcset=\"https:\/\/gadsalinas.gob.ec\/wp-content\/uploads\/2026\/04\/logo-2-286x300.png 286w, https:\/\/gadsalinas.gob.ec\/wp-content\/uploads\/2026\/04\/logo-2-534x560.png 534w, https:\/\/gadsalinas.gob.ec\/wp-content\/uploads\/2026\/04\/logo-2.png 536w\" sizes=\"(max-width: 286px) 100vw, 286px\" \/><div style=\"text-align: left; max-width: 300px;\"><h3 style=\"font-family: 'Cinzel',serif; color: #1a3a5c; font-size: 16px; margin: 0 0 8px 0;\">Escudo Parroquial<\/h3><p style=\"font-size: 13px; color: #555; font-family: 'Lora',serif; font-style: italic; line-height: 1.6; margin: 0;\">S\u00edmbolo de identidad de la Parroquia Salinas, que representa su historia, geograf\u00eda, recursos naturales y diversidad productiva.<\/p><\/div><\/div>\t\t\t\t\t\t\t\t<\/div>\n\t\t\t\t\t<\/div>\n\t\t\t\t<\/div>\n\t\t<div class=\"elementor-element elementor-element-f9aa5cc e-flex e-con-boxed e-con e-parent\" data-id=\"f9aa5cc\" data-element_type=\"container\" data-e-type=\"container\">\n\t\t\t\t\t<div class=\"e-con-inner\">\n\t\t\t\t<div class=\"elementor-element elementor-element-2698fb8 elementor-widget elementor-widget-html\" data-id=\"2698fb8\" data-element_type=\"widget\" data-e-type=\"widget\" data-widget_type=\"html.default\">\n\t\t\t\t\t  <!-- CUERPO CON ELEMENTOS -->\n  <div style=\"padding: 36px 40px;\">\n    <h2 style=\"font-family: 'Cinzel', serif; font-size: 22px; color: #1a3a5c; margin: 0 0 8px 0; display: flex; align-items: center; gap: 12px;\">\n      El Escudo \n      <span style=\"font-size: 11px; background: #c8962a; color: #fff; padding: 2px 10px; border-radius: 20px; font-family: 'Source Sans 3', sans-serif; font-weight: 600; letter-spacing: 1px; text-transform: uppercase;\">S\u00edmbolo<\/span>\n    <\/h2>\n    <p style=\"color: #555; font-family: 'Lora', serif; font-size: 15.5px; line-height: 1.85; margin: 0 0 24px 0;\">Es din\u00e1mico, expresa actividad y movimiento representando a la sociedad actual. Con filos dorados que representan la luz radiante que recibimos todos los d\u00edas, el oro amarillo del agua sal, siendo este el ente principal del desarrollo de la comunidad durante d\u00e9cadas. Est\u00e1 dividido en forma de \"T\".<\/p>\n\n    <!-- GRID DE ELEMENTOS -->\n    <div style=\"display: grid; grid-template-columns: repeat(auto-fill, minmax(230px, 1fr)); gap: 16px; margin-top: 24px;\">\n      <div style=\"background: #fdf8f0; border-radius: 8px; padding: 18px 20px; border-left: 4px solid #3d8c52;\">\n        <h4 style=\"font-family: 'Cinzel', serif; font-size: 13px; color: #1a3a5c; margin: 0 0 6px 0; text-transform: uppercase;\">\ud83c\udf38 La Chuquiragua<\/h4>\n        <p style=\"font-size: 13.5px; color: #555; line-height: 1.6; margin: 0;\">Planta medicinal andina que trata enfermedades diur\u00e9ticas, sudor\u00edferas, t\u00f3nicas y regula intestinos e h\u00edgado.<\/p>\n      <\/div>\n      <div style=\"background: #fdf8f0; border-radius: 8px; padding: 18px 20px; border-left: 4px solid #c8962a;\">\n        <h4 style=\"font-family: 'Cinzel', serif; font-size: 13px; color: #1a3a5c; margin: 0 0 6px 0; text-transform: uppercase;\">\ud83c\udf32 El Cipr\u00e9s<\/h4>\n        <p style=\"font-size: 13.5px; color: #555; line-height: 1.6; margin: 0;\">Uno de los primeros \u00e1rboles ex\u00f3ticos del pueblo, plasmado para no perder su presencia. Sirve para elaboraci\u00f3n de esencias.<\/p>\n      <\/div>\n      <div style=\"background: #fdf8f0; border-radius: 8px; padding: 18px 20px; border-left: 4px solid #2557a7;\">\n        <h4 style=\"font-family: 'Cinzel', serif; font-size: 13px; color: #1a3a5c; margin: 0 0 6px 0; text-transform: uppercase;\">\ud83c\udf43 Hojas de Laurel<\/h4>\n        <p style=\"font-size: 13.5px; color: #555; line-height: 1.6; margin: 0;\">S\u00edmbolo de victoria, presente en el escudo del Ecuador. Planta medicinal, t\u00f3nico estomacal y digestivo.<\/p>\n      <\/div>\n      <div style=\"background: #fdf8f0; border-radius: 8px; padding: 18px 20px; border-left: 4px solid #c0392b;\">\n        <h4 style=\"font-family: 'Cinzel', serif; font-size: 13px; color: #1a3a5c; margin: 0 0 6px 0; text-transform: uppercase;\">\u26f0\ufe0f Farallones y Cuevas<\/h4>\n        <p style=\"font-size: 13.5px; color: #555; line-height: 1.6; margin: 0;\">Rocas volc\u00e1nicas que simulan un ca\u00f1\u00f3n. Incluye la cueva de dos pisos y la cueva de las guyamas.<\/p>\n      <\/div>\n      <div style=\"background: #fdf8f0; border-radius: 8px; padding: 18px 20px; border-left: 4px solid #2e6b3e;\">\n        <h4 style=\"font-family: 'Cinzel', serif; font-size: 13px; color: #1a3a5c; margin: 0 0 6px 0; text-transform: uppercase;\">\ud83e\uddc2 Minas de Sal<\/h4>\n        <p style=\"font-size: 13.5px; color: #555; line-height: 1.6; margin: 0;\">Principales atractivos tur\u00edsticos. La sal tuvo un rol prominente en la econom\u00eda, sociedad y dieta de la \u00e9poca.<\/p>\n      <\/div>\n      <div style=\"background: #fdf8f0; border-radius: 8px; padding: 18px 20px; border-left: 4px solid #e2b44b;\">\n        <h4 style=\"font-family: 'Cinzel', serif; font-size: 13px; color: #1a3a5c; margin: 0 0 6px 0; text-transform: uppercase;\">\ud83c\udf3f Ca\u00f1a de Az\u00facar<\/h4>\n        <p style=\"font-size: 13.5px; color: #555; line-height: 1.6; margin: 0;\">Brazo derecho: zona subtropical a 800 msnm. Se procesa en raspadura, panela o dulce, fuente de ingreso hist\u00f3rica.<\/p>\n      <\/div>\n      <div style=\"background: #fdf8f0; border-radius: 8px; padding: 18px 20px; border-left: 4px solid #3d8c52;\">\n        <h4 style=\"font-family: 'Cinzel', serif; font-size: 13px; color: #1a3a5c; margin: 0 0 6px 0; text-transform: uppercase;\">\ud83d\udc04 Ganado Vacuno<\/h4>\n        <p style=\"font-size: 13.5px; color: #555; line-height: 1.6; margin: 0;\">Brazo izquierdo: principal fuente de ingreso actual. Producci\u00f3n de leche en paisaje vegetativo.<\/p>\n      <\/div>\n      <div style=\"background: #fdf8f0; border-radius: 8px; padding: 18px 20px; border-left: 4px solid #2557a7;\">\n        <h4 style=\"font-family: 'Cinzel', serif; font-size: 13px; color: #1a3a5c; margin: 0 0 6px 0; text-transform: uppercase;\">\ud83c\udffa Vasija de Barro<\/h4>\n        <p style=\"font-size: 13.5px; color: #555; line-height: 1.6; margin: 0;\">Recipiente donde reposa el l\u00edquido extra\u00eddo de la ca\u00f1a de az\u00facar, para jugo u otras composiciones.<\/p>\n      <\/div>\n      <div style=\"background: #fdf8f0; border-radius: 8px; padding: 18px 20px; border-left: 4px solid #c8962a;\">\n        <h4 style=\"font-family: 'Cinzel', serif; font-size: 13px; color: #1a3a5c; margin: 0 0 6px 0; text-transform: uppercase;\">\u2b55 \u00d3valos Superiores<\/h4>\n        <p style=\"font-size: 13.5px; color: #555; line-height: 1.6; margin: 0;\">Roscas, \u00f3valos estilizados y un c\u00edrculo que representan la globalizaci\u00f3n, crecimiento y desarrollo del pueblo.<\/p>\n      <\/div>\n    <\/div>\n<\/div>    \t\t\t\t<\/div>\n\t\t\t\t\t<\/div>\n\t\t\t\t<\/div>\n\t\t<div class=\"elementor-element elementor-element-7623fe5 e-flex e-con-boxed e-con e-parent\" data-id=\"7623fe5\" data-element_type=\"container\" data-e-type=\"container\">\n\t\t\t\t\t<div class=\"e-con-inner\">\n\t\t\t\t<div class=\"elementor-element elementor-element-87d1697 elementor-widget elementor-widget-text-editor\" data-id=\"87d1697\" data-element_type=\"widget\" data-e-type=\"widget\" data-widget_type=\"text-editor.default\">\n\t\t\t\t\t\t\t\t\t<div style=\"display: flex; align-items: center; justify-content: center; gap: 32px; flex-wrap: wrap; max-width: 100%;\"><p><img decoding=\"async\" class=\"alignnone wp-image-6116 \" style=\"display: block;\" src=\"https:\/\/gadsalinas.gob.ec\/wp-content\/uploads\/2026\/04\/flaj-300x212.jpg\" alt=\"\" width=\"248\" height=\"175\" srcset=\"https:\/\/gadsalinas.gob.ec\/wp-content\/uploads\/2026\/04\/flaj-300x212.jpg 300w, https:\/\/gadsalinas.gob.ec\/wp-content\/uploads\/2026\/04\/flaj-560x395.jpg 560w, https:\/\/gadsalinas.gob.ec\/wp-content\/uploads\/2026\/04\/flaj.jpg 578w\" sizes=\"(max-width: 248px) 100vw, 248px\" \/><\/p><div style=\"text-align: left; max-width: 300px;\"><h3 style=\"text-align: center; font-family: Cinzel, serif; color: #1a3a5c; font-size: 16px; margin: 0px 0px 8px;\">Bandera Parroquial<\/h3><p style=\"text-align: center; font-size: 13px; color: #555555; font-family: Lora, serif; font-style: italic; line-height: 1.6; margin-bottom: 0px;\">Compuesta por los colores azul, verde y blanco. Las cinco estrellas representan las zonas que conforman la Parroquia Salinas.<\/p><\/div><\/div>\t\t\t\t\t\t\t\t<\/div>\n\t\t\t\t\t<\/div>\n\t\t\t\t<\/div>\n\t\t<div class=\"elementor-element elementor-element-8b3f6f8 e-flex e-con-boxed e-con e-parent\" data-id=\"8b3f6f8\" data-element_type=\"container\" data-e-type=\"container\">\n\t\t\t\t\t<div class=\"e-con-inner\">\n\t\t\t\t<div class=\"elementor-element elementor-element-5486ec5 elementor-widget elementor-widget-html\" data-id=\"5486ec5\" data-element_type=\"widget\" data-e-type=\"widget\" data-widget_type=\"html.default\">\n\t\t\t\t\t  <!-- CUERPO DE LA BANDERA -->\n  <div style=\"padding: 36px 40px;\">\n    <h2 style=\"font-family: 'Cinzel', serif; font-size: 22px; color: #1a3a5c; margin: 0 0 8px 0; display: flex; align-items: center; gap: 12px;\">\n      La Bandera \n      <span style=\"font-size: 11px; background: #2557a7; color: #fff; padding: 2px 10px; border-radius: 20px; font-family: 'Source Sans 3', sans-serif; font-weight: 600; letter-spacing: 1px; text-transform: uppercase;\">S\u00edmbolo<\/span>\n    <\/h2>\n    <p style=\"color: #555; font-family: 'Lora', serif; font-size: 15.5px; line-height: 1.85; margin: 0 0 24px 0;\">La bandera est\u00e1 compuesta por los colores azul, verde y blanco neutro, dispuestos en franjas horizontales. En su centro lleva una cruz de forma lateral que representa la fe cat\u00f3lica del pueblo salinero, y cinco estrellas doradas que simbolizan las zonas que conforman la parroquia.<\/p>\n\n    <!-- COLORES -->\n    <div style=\"display: flex; gap: 16px; flex-wrap: wrap; margin-top: 24px;\">\n      <div style=\"flex: 1; min-width: 130px; border-radius: 10px; padding: 20px 18px; color: #fff; font-weight: 600; font-size: 15px; background: #2557a7;\">\n        \ud83d\udd35 Azul\n        <p style=\"font-size: 12px; font-weight: 400; margin-top: 4px; opacity: 0.9; line-height: 1.45;\">Inteligencia, verdad, sabidur\u00eda, inmortalidad, cielo y agua. Significa paz y quietud del pueblo salinero.<\/p>\n      <\/div>\n      <div style=\"flex: 1; min-width: 130px; border-radius: 10px; padding: 20px 18px; color: #fff; font-weight: 600; font-size: 15px; background: #2e6b3e;\">\n        \ud83d\udfe2 Verde\n        <p style=\"font-size: 12px; font-weight: 400; margin-top: 4px; opacity: 0.9; line-height: 1.45;\">Reposo, esperanza, primavera, juventud y naturaleza. Libera el esp\u00edritu y equilibra las sensaciones.<\/p>\n      <\/div>\n      <div style=\"flex: 1; min-width: 130px; border-radius: 10px; padding: 20px 18px; color: #fff; font-weight: 600; font-size: 15px; background: #888;\">\n        \u26aa Blanco\n        <p style=\"font-size: 12px; font-weight: 400; margin-top: 4px; opacity: 0.9; line-height: 1.45;\">Mayor sensibilidad frente a la luz. S\u00edmbolo de lo absoluto, la unidad, la inocencia y la paz.<\/p>\n      <\/div>\n    <\/div>\n\n    <!-- ZONAS -->\n    <h3 style=\"font-family:'Cinzel',serif; font-size:15px; color:#1a3a5c; margin-top:32px; margin-bottom:12px; letter-spacing:1px; text-transform:uppercase;\">\u2605 Las Cinco Estrellas \u2013 Zonas de la Parroquia<\/h3>\n    <ul style=\"list-style: none; display: grid; grid-template-columns: repeat(auto-fill, minmax(175px, 1fr)); gap: 10px; margin-top: 20px; padding: 0;\">\n      <li style=\"background: #1a3a5c; color: #fff; border-radius: 6px; padding: 10px 16px; font-size: 13.5px; display: flex; align-items: center; gap: 8px;\"><span style=\"color: #c8962a; font-size: 12px;\">\u2605<\/span> Zona Subtropical<\/li>\n      <li style=\"background: #1a3a5c; color: #fff; border-radius: 6px; padding: 10px 16px; font-size: 13.5px; display: flex; align-items: center; gap: 8px;\"><span style=\"color: #c8962a; font-size: 12px;\">\u2605<\/span> Bocana del Monte<\/li>\n      <li style=\"background: #1a3a5c; color: #fff; border-radius: 6px; padding: 10px 16px; font-size: 13.5px; display: flex; align-items: center; gap: 8px;\"><span style=\"color: #c8962a; font-size: 12px;\">\u2605<\/span> Zona Alta<\/li>\n      <li style=\"background: #1a3a5c; color: #fff; border-radius: 6px; padding: 10px 16px; font-size: 13.5px; display: flex; align-items: center; gap: 8px;\"><span style=\"color: #c8962a; font-size: 12px;\">\u2605<\/span> Zona del Valle<\/li>\n      <li style=\"background: #1a3a5c; color: #fff; border-radius: 6px; padding: 10px 16px; font-size: 13.5px; display: flex; align-items: center; gap: 8px;\"><span style=\"color: #c8962a; font-size: 12px;\">\u2605<\/span> Centro de la Parroquia<\/li>\n    <\/ul>\n  <\/div>\n\t\t\t\t<\/div>\n\t\t\t\t\t<\/div>\n\t\t\t\t<\/div>\n\t\t<div class=\"elementor-element elementor-element-4890f70 e-flex e-con-boxed e-con e-parent\" data-id=\"4890f70\" data-element_type=\"container\" data-e-type=\"container\">\n\t\t\t\t\t<div class=\"e-con-inner\">\n\t\t\t\t<div class=\"elementor-element elementor-element-1fbd498 elementor-widget elementor-widget-html\" data-id=\"1fbd498\" data-element_type=\"widget\" data-e-type=\"widget\" data-widget_type=\"html.default\">\n\t\t\t\t\t  <!-- CUERPO DE LA BANDERA -->\n  <div style=\"padding: 36px 40px;\">\n    <h2 style=\"font-family: 'Cinzel', serif; font-size: 22px; color: #1a3a5c; margin: 0 0 8px 0; display: flex; align-items: center; gap: 12px;\">\n      Himno Parroquial\n      <span style=\"font-size: 11px; background: #25a73b; color: #fff; padding: 2px 10px; border-radius: 20px; font-family: 'Source Sans 3', sans-serif; font-weight: 600; letter-spacing: 1px; text-transform: uppercase;\">S\u00edmbolo<\/span>\n    <\/h2>\n  \n\n  <!-- CUERPO DEL HIMNO -->\n  <div style=\"padding: 40px 48px;\">\n    \n    <!-- CORO -->\n    <div style=\"margin-bottom: 40px; text-align: center;\">\n      <h3 style=\"font-family: 'Cinzel', serif; font-size: 20px; color: #c8962a; margin: 0 0 20px 0; letter-spacing: 1px;\">Coro<\/h3>\n      <div style=\"font-family: 'Lora', serif; font-size: 17px; line-height: 1.9; color: #1a3a5c; font-style: italic;\">\n        Farallones altivos pulidos<br>\n        en la roca maciza del Ande<br>\n        protectores de un pueblo que es grande<br>\n        por la inmensa labor de sus hijos.\n      <\/div>\n    <\/div>\n\n    <!-- L\u00cdNEA DECORATIVA -->\n    <div style=\"width: 80px; height: 3px; background: #c8962a; margin: 30px auto;\"><\/div>\n\n    <!-- ESTROFAS -->\n    <div style=\"margin-top: 30px;\">\n      <h3 style=\"font-family: 'Cinzel', serif; font-size: 20px; color: #c8962a; margin: 0 0 30px 0; text-align: center; letter-spacing: 1px;\">Estrofas<\/h3>\n      \n      <div style=\"font-family: 'Lora', serif; font-size: 16.5px; line-height: 1.9; color: #333;\">\n        \n        <div style=\"margin-bottom: 32px; padding-left: 20px; border-left: 4px solid #c8962a;\">\n          <p style=\"margin: 0 0 12px 0;\">De sus minas de sal han salido<br>\n          caravanas de hist\u00f3rica data<br>\n          a cumplir con tarea tan grata,<br>\n          de servir a sus pueblos hermanos.<\/p>\n        <\/div>\n\n        <div style=\"margin-bottom: 32px; padding-left: 20px; border-left: 4px solid #2557a7;\">\n          <p style=\"margin: 0 0 12px 0;\">Y m\u00e1s tarde llegaron de lejos,<br>\n          enviados por Dios, misioneros<br>\n          carism\u00e1ticos hombres, pioneros<br>\n          de la paz, la salud y el progreso.<\/p>\n        <\/div>\n\n        <div style=\"margin-bottom: 32px; padding-left: 20px; border-left: 4px solid #2e6b3e;\">\n          <p style=\"margin: 0 0 12px 0;\">Nos sentimos ufanos, nombrados<br>\n          m\u00e1s all\u00e1 del pa\u00eds, Salineros,<br>\n          con la fama de ser los primeros<br>\n          que a la Patria el esfuerzo ofrendamos.<\/p>\n        <\/div>\n\n        <div style=\"margin-bottom: 32px; padding-left: 20px; border-left: 4px solid #c8962a;\">\n          <p style=\"margin: 0 0 12px 0;\">Farallones, castillos de ensue\u00f1o,<br>\n          en parajes de eterna belleza<br>\n          al turismo ofrecemos la excelsa<br>\n          placidez que engrandece este suelo.<\/p>\n        <\/div>\n\n      <\/div>\n    <\/div>\n\n    <!-- CIERRE DECORATIVO -->\n    <div style=\"text-align: center; margin-top: 48px;\">\n      <div style=\"display: inline-block; width: 40px; height: 2px; background: #c8962a; margin: 0 10px;\"><\/div>\n      <span style=\"font-family: 'Cinzel', serif; font-size: 12px; color: #c8962a; letter-spacing: 2px;\">\u2727 SALINAS \u2727<\/span>\n      <div style=\"display: inline-block; width: 40px; height: 2px; background: #c8962a; margin: 0 10px;\"><\/div>\n    <\/div>\n\n  <\/div>\t\t\t\t<\/div>\n\t\t\t\t\t<\/div>\n\t\t\t\t<\/div>\n\t\t\t\t<\/div>\n\t\t","protected":false},"excerpt":{"rendered":"<p>S\u00edmbolos Parroquiales Justificaci\u00f3n Representar estos elementos que simbolizan un icono para el pueblo salinero, adem\u00e1s ayuda a estudiar y conocer la tierra, descubrir cu\u00e1les fueron los elementos m\u00e1s destacados para utilizar en el trabajo gestado. Escudo Parroquial S\u00edmbolo de identidad de la Parroquia Salinas, que representa su historia, geograf\u00eda, recursos naturales y diversidad productiva. El [&hellip;]<\/p>\n","protected":false},"author":1,"featured_media":0,"parent":0,"menu_order":0,"comment_status":"closed","ping_status":"closed","template":"","meta":{"give_campaign_id":0,"footnotes":""},"class_list":["post-6099","page","type-page","status-publish","hentry"],"aioseo_notices":[{"message":"El enlace permanente de esta entrada acaba de cambiar. Esto podr\u00eda causar errores 404 a los visitantes de tu sitio.","status":"warning","options":{"id":"9718af07c4da85228d2b4472cbd7db72","isDismissible":true,"actions":[{"url":"https:\/\/gadsalinas.gob.ec\/wp-admin\/admin.php?page=aioseo-redirects","label":"A\u00f1adir una redirecci\u00f3n para mejorar el SEO","class":"aioseo-redirects-slug-changed"}]},"allowedContexts":["posts"]}],"campaignId":"","_links":{"self":[{"href":"https:\/\/gadsalinas.gob.ec\/index.php\/wp-json\/wp\/v2\/pages\/6099","targetHints":{"allow":["GET"]}}],"collection":[{"href":"https:\/\/gadsalinas.gob.ec\/index.php\/wp-json\/wp\/v2\/pages"}],"about":[{"href":"https:\/\/gadsalinas.gob.ec\/index.php\/wp-json\/wp\/v2\/types\/page"}],"author":[{"embeddable":true,"href":"https:\/\/gadsalinas.gob.ec\/index.php\/wp-json\/wp\/v2\/users\/1"}],"replies":[{"embeddable":true,"href":"https:\/\/gadsalinas.gob.ec\/index.php\/wp-json\/wp\/v2\/comments?post=6099"}],"version-history":[{"count":29,"href":"https:\/\/gadsalinas.gob.ec\/index.php\/wp-json\/wp\/v2\/pages\/6099\/revisions"}],"predecessor-version":[{"id":6141,"href":"https:\/\/gadsalinas.gob.ec\/index.php\/wp-json\/wp\/v2\/pages\/6099\/revisions\/6141"}],"wp:attachment":[{"href":"https:\/\/gadsalinas.gob.ec\/index.php\/wp-json\/wp\/v2\/media?parent=6099"}],"curies":[{"name":"wp","href":"https:\/\/api.w.org\/{rel}","templated":true}]}}