{"id":6168,"date":"2026-04-19T20:32:45","date_gmt":"2026-04-20T01:32:45","guid":{"rendered":"https:\/\/gadsalinas.gob.ec\/?page_id=6168"},"modified":"2026-04-19T20:45:14","modified_gmt":"2026-04-20T01:45:14","slug":"lotaip","status":"publish","type":"page","link":"https:\/\/gadsalinas.gob.ec\/index.php\/lotaip\/","title":{"rendered":"LOTAIP"},"content":{"rendered":"\t\t<div data-elementor-type=\"wp-page\" data-elementor-id=\"6168\" class=\"elementor elementor-6168\">\n\t\t\t\t<div class=\"elementor-element elementor-element-a8bd279 e-flex e-con-boxed e-con e-parent\" data-id=\"a8bd279\" data-element_type=\"container\" data-e-type=\"container\">\n\t\t\t\t\t<div class=\"e-con-inner\">\n\t\t\t\t<div class=\"elementor-element elementor-element-702a833 elementor-widget elementor-widget-text-editor\" data-id=\"702a833\" data-element_type=\"widget\" data-e-type=\"widget\" data-widget_type=\"text-editor.default\">\n\t\t\t\t\t\t\t\t\t<div style=\"text-align: justify;\"><span style=\"color: #333399;\"><strong><span style=\"font-size: 10pt; font-family: tahoma, arial, helvetica, sans-serif;\">La Ley Org\u00e1nica de Transparencia y Acceso a la Informaci\u00f3n P\u00fablica (LOTAIP) plantea la participaci\u00f3n ciudadana y el derecho de acceso a la informaci\u00f3n relacionada con asuntos p\u00fablicos, para ejercer un efectivo control y exigir la rendici\u00f3n de cuentas a las instituciones gubernamentales o aquellas que perciben recursos estatales. En cumplimiento de la Ley Org\u00e1nica de Transparencia y Acceso a la Informaci\u00f3n P\u00fablica (LOTAIP), todas las entidades poseedoras de informaci\u00f3n p\u00fablica est\u00e1n obligadas a difundir, a trav\u00e9s de su portal institucional, la informaci\u00f3n m\u00ednima actualizada, como lo dispone el Art. 7 de la LOTAIP.<\/span><\/strong><\/span><\/div>\t\t\t\t\t\t\t\t<\/div>\n\t\t\t\t\t<\/div>\n\t\t\t\t<\/div>\n\t\t<div class=\"elementor-element elementor-element-33d8d41 e-flex e-con-boxed e-con e-parent\" data-id=\"33d8d41\" data-element_type=\"container\" data-e-type=\"container\">\n\t\t\t\t\t<div class=\"e-con-inner\">\n\t\t\t\t<div class=\"elementor-element elementor-element-d8c3dc7 elementor-widget elementor-widget-n-accordion\" data-id=\"d8c3dc7\" data-element_type=\"widget\" data-e-type=\"widget\" data-settings=\"{&quot;default_state&quot;:&quot;expanded&quot;,&quot;max_items_expended&quot;:&quot;one&quot;,&quot;n_accordion_animation_duration&quot;:{&quot;unit&quot;:&quot;ms&quot;,&quot;size&quot;:400,&quot;sizes&quot;:[]}}\" data-widget_type=\"nested-accordion.default\">\n\t\t\t\t\t\t\t<div class=\"e-n-accordion\" aria-label=\"Accordion. Open links with Enter or Space, close with Escape, and navigate with Arrow Keys\">\n\t\t\t\t\t\t<details id=\"e-n-accordion-item-2270\" class=\"e-n-accordion-item\" open>\n\t\t\t\t<summary class=\"e-n-accordion-item-title\" data-accordion-index=\"1\" tabindex=\"0\" aria-expanded=\"true\" aria-controls=\"e-n-accordion-item-2270\" >\n\t\t\t\t\t<span class='e-n-accordion-item-title-header'><div class=\"e-n-accordion-item-title-text\"> 2026 <\/div><\/span>\n\t\t\t\t\t\t\t<span class='e-n-accordion-item-title-icon'>\n\t\t\t<span class='e-opened' ><svg aria-hidden=\"true\" class=\"e-font-icon-svg e-fas-minus\" viewBox=\"0 0 448 512\" xmlns=\"http:\/\/www.w3.org\/2000\/svg\"><path d=\"M416 208H32c-17.67 0-32 14.33-32 32v32c0 17.67 14.33 32 32 32h384c17.67 0 32-14.33 32-32v-32c0-17.67-14.33-32-32-32z\"><\/path><\/svg><\/span>\n\t\t\t<span class='e-closed'><svg aria-hidden=\"true\" class=\"e-font-icon-svg e-fas-plus\" viewBox=\"0 0 448 512\" xmlns=\"http:\/\/www.w3.org\/2000\/svg\"><path d=\"M416 208H272V64c0-17.67-14.33-32-32-32h-32c-17.67 0-32 14.33-32 32v144H32c-17.67 0-32 14.33-32 32v32c0 17.67 14.33 32 32 32h144v144c0 17.67 14.33 32 32 32h32c17.67 0 32-14.33 32-32V304h144c17.67 0 32-14.33 32-32v-32c0-17.67-14.33-32-32-32z\"><\/path><\/svg><\/span>\n\t\t<\/span>\n\n\t\t\t\t\t\t<\/summary>\n\t\t\t\t<div role=\"region\" aria-labelledby=\"e-n-accordion-item-2270\" class=\"elementor-element elementor-element-f77d731 e-con-full e-flex e-con e-child\" data-id=\"f77d731\" data-element_type=\"container\" data-e-type=\"container\">\n\t\t<div role=\"region\" aria-labelledby=\"e-n-accordion-item-2270\" class=\"elementor-element elementor-element-138ab16 e-flex e-con-boxed e-con e-child\" data-id=\"138ab16\" data-element_type=\"container\" data-e-type=\"container\">\n\t\t\t\t\t<div class=\"e-con-inner\">\n\t\t\t\t<div class=\"elementor-element elementor-element-a833448 elementor-widget elementor-widget-text-editor\" data-id=\"a833448\" data-element_type=\"widget\" data-e-type=\"widget\" data-widget_type=\"text-editor.default\">\n\t\t\t\t\t\t\t\t\t<ol><li><strong>Enero.-<\/strong>\u00a0<a href=\"https:\/\/transparencia.dpe.gob.ec\/entidades\/1299\" target=\"_blank\" rel=\"noopener\">https:\/\/transparencia.dpe.gob.ec\/entidades\/1299<\/a><\/li><li><strong>Febrero.-<\/strong>\u00a0<a href=\"https:\/\/transparencia.dpe.gob.ec\/entidades\/1299\" target=\"_blank\" rel=\"noopener\">https:\/\/transparencia.dpe.gob.ec\/entidades\/1299<\/a><\/li><li><strong>Marzo.-<\/strong>\u00a0<a href=\"https:\/\/transparencia.dpe.gob.ec\/entidades\/1299\" target=\"_blank\" rel=\"noopener\">https:\/\/transparencia.dpe.gob.ec\/entidades\/1299<\/a><\/li><\/ol>\t\t\t\t\t\t\t\t<\/div>\n\t\t\t\t\t<\/div>\n\t\t\t\t<\/div>\n\t\t\t\t<\/div>\n\t\t\t\t\t<\/details>\n\t\t\t\t\t<\/div>\n\t\t\t\t\t\t<\/div>\n\t\t\t\t\t<\/div>\n\t\t\t\t<\/div>\n\t\t\t\t<\/div>\n\t\t","protected":false},"excerpt":{"rendered":"<p>La Ley Org\u00e1nica de Transparencia y Acceso a la Informaci\u00f3n P\u00fablica (LOTAIP) plantea la participaci\u00f3n ciudadana y el derecho de acceso a la informaci\u00f3n relacionada con asuntos p\u00fablicos, para ejercer un efectivo control y exigir la rendici\u00f3n de cuentas a las instituciones gubernamentales o aquellas que perciben recursos estatales. En cumplimiento de la Ley Org\u00e1nica [&hellip;]<\/p>\n","protected":false},"author":1,"featured_media":0,"parent":0,"menu_order":0,"comment_status":"closed","ping_status":"closed","template":"","meta":{"give_campaign_id":0,"footnotes":""},"class_list":["post-6168","page","type-page","status-publish","hentry"],"aioseo_notices":[],"campaignId":"","_links":{"self":[{"href":"https:\/\/gadsalinas.gob.ec\/index.php\/wp-json\/wp\/v2\/pages\/6168","targetHints":{"allow":["GET"]}}],"collection":[{"href":"https:\/\/gadsalinas.gob.ec\/index.php\/wp-json\/wp\/v2\/pages"}],"about":[{"href":"https:\/\/gadsalinas.gob.ec\/index.php\/wp-json\/wp\/v2\/types\/page"}],"author":[{"embeddable":true,"href":"https:\/\/gadsalinas.gob.ec\/index.php\/wp-json\/wp\/v2\/users\/1"}],"replies":[{"embeddable":true,"href":"https:\/\/gadsalinas.gob.ec\/index.php\/wp-json\/wp\/v2\/comments?post=6168"}],"version-history":[{"count":16,"href":"https:\/\/gadsalinas.gob.ec\/index.php\/wp-json\/wp\/v2\/pages\/6168\/revisions"}],"predecessor-version":[{"id":6186,"href":"https:\/\/gadsalinas.gob.ec\/index.php\/wp-json\/wp\/v2\/pages\/6168\/revisions\/6186"}],"wp:attachment":[{"href":"https:\/\/gadsalinas.gob.ec\/index.php\/wp-json\/wp\/v2\/media?parent=6168"}],"curies":[{"name":"wp","href":"https:\/\/api.w.org\/{rel}","templated":true}]}}